

{"id":1192,"date":"2024-03-25T12:22:51","date_gmt":"2024-03-25T11:22:51","guid":{"rendered":"https:\/\/www.costabravacruiseports.com\/accessibilitat\/"},"modified":"2024-04-02T16:00:57","modified_gmt":"2024-04-02T14:00:57","slug":"accesibilidad","status":"publish","type":"page","link":"https:\/\/www.costabravacruiseports.com\/es\/accesibilidad\/","title":{"rendered":"Accesibilidad"},"content":{"rendered":"\n<p>El PATRONAT DE TURISME COSTA BRAVA GIRONA, SA (en adelante, el Patronat) se ha comprometido a hacer accesibles sus sitios web, de conformidad con la Directiva (UE) 2016\/2102 del Parlamento Europeo y del Consejo, de 26 de octubre de 2016, y con el Real Decreto 1112\/2018, de 7 de septiembre.<\/p>\n\n\n\n<p>Esta declaraci\u00f3n de accesibilidad se aplica al sitio web <strong>https:\/\/www.costabrava.org<\/strong>.<\/p>\n\n\n\n<h2 class=\"wp-block-heading\"><em>Situaci\u00f3n de cumplimiento<\/em><\/h2>\n\n\n\n<p>Estos sitios web son parcialmente conformes al Real Decreto 1112\/2018, de 7 de septiembre, debido a las excepciones y falta de conformidad de los aspectos que se indican a continuaci\u00f3n.<\/p>\n\n\n\n<p>En la actualidad, el sitio web se encuentra en proceso de validaci\u00f3n de accesibilidad.<\/p>\n\n\n\n<h2 class=\"wp-block-heading\"><em>Preparaci\u00f3n de la declaraci\u00f3n de accesibilidad<\/em><\/h2>\n\n\n\n<p>Esta declaraci\u00f3n ha sido preparada en&nbsp;fecha 31 de marzo de 2023.<\/p>\n\n\n\n<p>El m\u00e9todo utilizado para preparar la declaraci\u00f3n ha sido una autoevaluaci\u00f3n llevada a cabo por el propio organismo.<\/p>\n\n\n\n<p>La \u00faltima revisi\u00f3n de la declaraci\u00f3n se ha efectuado en&nbsp;fecha 31 de marzo de 2023.<\/p>\n\n\n\n<h2 class=\"wp-block-heading\"><em>Presentaci\u00f3n de sugerencias, quejas o reclamaciones<\/em><\/h2>\n\n\n\n<p>Cualquier persona puede solicitar el cumplimiento de requisitos de accesibilidad por medio de la direcci\u00f3n electr\u00f3nica\u00a0<a><strong>online@costabrava.org<\/strong><\/a>, o bien por v\u00eda telef\u00f3nica al 972\u00a0208\u00a0401 o presencialmente en la avenida de Sant Francesc, 29, 3.a planta, de Girona.<\/p>\n\n\n\n<p>Se pueden presentar solicitudes de informaci\u00f3n accesible y quejas dirigiendo un escrito al Registro de documentos del organismo, a la direcci\u00f3n de avenida de Sant Francesc, 29, 3.a planta, 17001 Girona, o a trav\u00e9s de la sede electr\u00f3nica\u00a0<a href=\"https:\/\/trade.costabrava.org\/\"><strong>https:\/\/trade.costabrava.org<\/strong><\/a>.<\/p>\n\n\n\n<p>En caso de desacuerdo con la respuesta a la solicitud de informaci\u00f3n accesible o a la presentaci\u00f3n de una queja, la persona interesada puede iniciar una reclamaci\u00f3n dirigiendo un escrito al Registro de documentos del organismo, a la direcci\u00f3n de avenida de Sant Francesc, 29, 3.a planta, 17001 Girona, o por medio de la sede electr\u00f3nica\u00a0<a href=\"https:\/\/trade.costabrava.org\/\"><strong>https:\/\/trade.costabrava.org<\/strong><\/a>. Este procedimiento de reclamaci\u00f3n (previsto en el art\u00edculo 13 del Real Decreto 1112\/2018)\u00a0entr\u00f3 en vigor el 20 de septiembre de 2020.<\/p>\n\n\n\n<p>Las comunicaciones formuladas por los motivos indicados en este apartado ser\u00e1n atendidas por la Oficina de Difusi\u00f3n, como responsable en materia de accesibilidad web del organismo.<\/p>\n\n\n\n<h2 class=\"wp-block-heading\"><em>Informaci\u00f3n complementaria<\/em><\/h2>\n\n\n\n<p>Este sitio web ha sido revisado por el Observatorio de Accesibilidad Web con una puntuaci\u00f3n media de 8,3 en el cumplimiento de los requisitos de accesibilidad.<\/p>\n\n\n\n<p>El Patronat trabaja para cumplir, en el grado m\u00e1s alto posible, los requisitos de accesibilidad para facilitar el acceso universal a los contenidos a todas las personas que lo consultan, independientemente de sus capacidades f\u00edsicas, sensoriales o intelectuales, y de los sistemas o recursos utilizados (navegador, dispositivo, velocidad de conexi\u00f3n, etc.).<\/p>\n\n\n\n<p>De acuerdo con la Directiva (UE) 2016\/2102 del Parlamento Europeo y del Consejo, de 26 de octubre de 2016, las webs y las aplicaciones m\u00f3viles del sector p\u00fablico deben ser accesibles, accesibilidad que debe conseguirse de acuerdo con la norma UNE-EN 301 549:2019, de requisitos de accesibilidad. Esta norma se basa principalmente en las Web Content Accessibility Guidelines (WCAG) 2.1, publicadas por el World Wide Web Consortium (W3C) en agosto de 2018.<\/p>\n\n\n\n<p>Es voluntad del Patronat cumplir plenamente las pautas de accesibilidad web. La normativa europea exige a los entes del sector p\u00fablico el cumplimiento del nivel AA, nivel que nuestro sitio web actualmente cumple.<\/p>\n\n\n\n<p>Esta web ha sido probada y est\u00e1 optimizada para los navegadores compatibles con HTML5 y las versiones admitidas por los fabricantes. La utilizaci\u00f3n de navegadores distintos o de versiones no admitidas por los fabricantes puede impedir una correcta visualizaci\u00f3n o la disponibilidad de documentos u otras funcionalidades. Pueden obtenerse actualizaciones o navegadores en las p\u00e1ginas web de los proveedores de los navegadores.<\/p>\n\n\n\n<p>Por otro lado, para el correcto funcionamiento de la web, el navegador debe tener habilitado el uso de JavaScript y de&nbsp;<em>cookies<\/em>&nbsp;(v\u00e9ase el apartado \u00abPol\u00edtica de&nbsp;<em>cookies<\/em>\u00ab).<\/p>\n\n\n\n<p>Debido al gran n\u00famero de documentos puestos a disposici\u00f3n desde el sitio web, puede haber contenidos que no cumplan las pautas de accesibilidad exigibles. Agradeceremos recibir cualquier sugerencia o indicaci\u00f3n por medio de los canales indicados en el apartado \u00abPresentaci\u00f3n de sugerencias, quejas o reclamaciones\u00bb.<\/p>\n","protected":false},"excerpt":{"rendered":"<p>El PATRONAT DE TURISME COSTA BRAVA GIRONA, SA (en adelante, el Patronat) se ha comprometido a hacer accesibles sus sitios web, de conformidad con la Directiva (UE) 2016\/2102 del Parlamento Europeo y del Consejo, de 26 de octubre de 2016, y con el Real Decreto 1112\/2018, de 7 de septiembre. Esta declaraci\u00f3n de accesibilidad se [&hellip;]<\/p>\n","protected":false},"author":1,"featured_media":0,"parent":0,"menu_order":0,"comment_status":"closed","ping_status":"closed","template":"page-templates\/legal.php","meta":{"_acf_changed":false,"footnotes":""},"class_list":["post-1192","page","type-page","status-publish","hentry"],"acf":[],"yoast_head":"<!-- This site is optimized with the Yoast SEO plugin v27.0 - https:\/\/yoast.com\/product\/yoast-seo-wordpress\/ -->\n<title>Accesibilidad - Costa Brava Cruise Ports<\/title>\n<meta name=\"robots\" content=\"index, follow, max-snippet:-1, max-image-preview:large, max-video-preview:-1\" \/>\n<link rel=\"canonical\" href=\"https:\/\/www.costabravacruiseports.com\/es\/accesibilidad\/\" \/>\n<meta property=\"og:locale\" content=\"es_ES\" \/>\n<meta property=\"og:type\" content=\"article\" \/>\n<meta property=\"og:title\" content=\"Accesibilidad - Costa Brava Cruise Ports\" \/>\n<meta property=\"og:description\" content=\"El PATRONAT DE TURISME COSTA BRAVA GIRONA, SA (en adelante, el Patronat) se ha comprometido a hacer accesibles sus sitios web, de conformidad con la Directiva (UE) 2016\/2102 del Parlamento Europeo y del Consejo, de 26 de octubre de 2016, y con el Real Decreto 1112\/2018, de 7 de septiembre. Esta declaraci\u00f3n de accesibilidad se [&hellip;]\" \/>\n<meta property=\"og:url\" content=\"https:\/\/www.costabravacruiseports.com\/es\/accesibilidad\/\" \/>\n<meta property=\"og:site_name\" content=\"Costa Brava Cruise Ports\" \/>\n<meta property=\"article:modified_time\" content=\"2024-04-02T14:00:57+00:00\" \/>\n<meta name=\"twitter:card\" content=\"summary_large_image\" \/>\n<meta name=\"twitter:label1\" content=\"Tiempo de lectura\" \/>\n\t<meta name=\"twitter:data1\" content=\"4 minutos\" \/>\n<!-- \/ Yoast SEO plugin. -->","yoast_head_json":{"title":"Accesibilidad - Costa Brava Cruise Ports","robots":{"index":"index","follow":"follow","max-snippet":"max-snippet:-1","max-image-preview":"max-image-preview:large","max-video-preview":"max-video-preview:-1"},"canonical":"https:\/\/www.costabravacruiseports.com\/es\/accesibilidad\/","og_locale":"es_ES","og_type":"article","og_title":"Accesibilidad - Costa Brava Cruise Ports","og_description":"El PATRONAT DE TURISME COSTA BRAVA GIRONA, SA (en adelante, el Patronat) se ha comprometido a hacer accesibles sus sitios web, de conformidad con la Directiva (UE) 2016\/2102 del Parlamento Europeo y del Consejo, de 26 de octubre de 2016, y con el Real Decreto 1112\/2018, de 7 de septiembre. Esta declaraci\u00f3n de accesibilidad se [&hellip;]","og_url":"https:\/\/www.costabravacruiseports.com\/es\/accesibilidad\/","og_site_name":"Costa Brava Cruise Ports","article_modified_time":"2024-04-02T14:00:57+00:00","twitter_card":"summary_large_image","twitter_misc":{"Tiempo de lectura":"4 minutos"},"schema":{"@context":"https:\/\/schema.org","@graph":[{"@type":"WebPage","@id":"https:\/\/www.costabravacruiseports.com\/es\/accesibilidad\/","url":"https:\/\/www.costabravacruiseports.com\/es\/accesibilidad\/","name":"Accesibilidad - Costa Brava Cruise Ports","isPartOf":{"@id":"https:\/\/www.costabravacruiseports.com\/#website"},"datePublished":"2024-03-25T11:22:51+00:00","dateModified":"2024-04-02T14:00:57+00:00","breadcrumb":{"@id":"https:\/\/www.costabravacruiseports.com\/es\/accesibilidad\/#breadcrumb"},"inLanguage":"es","potentialAction":[{"@type":"ReadAction","target":["https:\/\/www.costabravacruiseports.com\/es\/accesibilidad\/"]}]},{"@type":"BreadcrumbList","@id":"https:\/\/www.costabravacruiseports.com\/es\/accesibilidad\/#breadcrumb","itemListElement":[{"@type":"ListItem","position":1,"name":"Inici","item":"https:\/\/www.costabravacruiseports.com\/es\/"},{"@type":"ListItem","position":2,"name":"Accesibilidad"}]},{"@type":"WebSite","@id":"https:\/\/www.costabravacruiseports.com\/#website","url":"https:\/\/www.costabravacruiseports.com\/","name":"Costa Brava Cruise Ports","description":"","publisher":{"@id":"https:\/\/www.costabravacruiseports.com\/#organization"},"potentialAction":[{"@type":"SearchAction","target":{"@type":"EntryPoint","urlTemplate":"https:\/\/www.costabravacruiseports.com\/?s={search_term_string}"},"query-input":{"@type":"PropertyValueSpecification","valueRequired":true,"valueName":"search_term_string"}}],"inLanguage":"es"},{"@type":"Organization","@id":"https:\/\/www.costabravacruiseports.com\/#organization","name":"Costa Brava Cruise Ports","url":"https:\/\/www.costabravacruiseports.com\/","logo":{"@type":"ImageObject","inLanguage":"es","@id":"https:\/\/www.costabravacruiseports.com\/#\/schema\/logo\/image\/","url":"https:\/\/www.costabravacruiseports.com\/wp-content\/uploads\/2024\/03\/header-logo-color.svg","contentUrl":"https:\/\/www.costabravacruiseports.com\/wp-content\/uploads\/2024\/03\/header-logo-color.svg","width":1,"height":1,"caption":"Costa Brava Cruise Ports"},"image":{"@id":"https:\/\/www.costabravacruiseports.com\/#\/schema\/logo\/image\/"}}]}},"_links":{"self":[{"href":"https:\/\/www.costabravacruiseports.com\/es\/wp-json\/wp\/v2\/pages\/1192","targetHints":{"allow":["GET"]}}],"collection":[{"href":"https:\/\/www.costabravacruiseports.com\/es\/wp-json\/wp\/v2\/pages"}],"about":[{"href":"https:\/\/www.costabravacruiseports.com\/es\/wp-json\/wp\/v2\/types\/page"}],"author":[{"embeddable":true,"href":"https:\/\/www.costabravacruiseports.com\/es\/wp-json\/wp\/v2\/users\/1"}],"replies":[{"embeddable":true,"href":"https:\/\/www.costabravacruiseports.com\/es\/wp-json\/wp\/v2\/comments?post=1192"}],"version-history":[{"count":2,"href":"https:\/\/www.costabravacruiseports.com\/es\/wp-json\/wp\/v2\/pages\/1192\/revisions"}],"predecessor-version":[{"id":1850,"href":"https:\/\/www.costabravacruiseports.com\/es\/wp-json\/wp\/v2\/pages\/1192\/revisions\/1850"}],"wp:attachment":[{"href":"https:\/\/www.costabravacruiseports.com\/es\/wp-json\/wp\/v2\/media?parent=1192"}],"curies":[{"name":"wp","href":"https:\/\/api.w.org\/{rel}","templated":true}]}}