

{"id":1196,"date":"2024-03-25T12:22:24","date_gmt":"2024-03-25T11:22:24","guid":{"rendered":"https:\/\/www.costabravacruiseports.com\/avis-legal\/"},"modified":"2024-04-02T16:01:02","modified_gmt":"2024-04-02T14:01:02","slug":"aviso-legal","status":"publish","type":"page","link":"https:\/\/www.costabravacruiseports.com\/es\/aviso-legal\/","title":{"rendered":"Aviso Legal"},"content":{"rendered":"\n<h2 class=\"wp-block-heading\"><em>Aviso legal y pol\u00edtica de privacidad<\/em><\/h2>\n\n\n\n<p>En cumplimiento del Reglamento (UE) 2016\/679 del Parlamento Europeo y del Consejo, de 27 de abril de 2016, relativo a la protecci\u00f3n de las personas f\u00edsicas en lo que respecta al tratamiento de datos personales (RGPD) y de la Ley 34 \/2002, de 11 de julio, de servicios de la sociedad de la informaci\u00f3n y de comercio electr\u00f3nico, PATRONAT DE TURISME COSTA BRAVA GIRONA, SA (en adelante, el Patronat) informa que figura inscrito en el Registro Mercantil de Girona, hoja 193, volumen 908, inscripci\u00f3n GI-6155, con CIF A17031246 y con domicilio en la avenida de Sant Francesc, n\u00fam. 29, 3.\u00ba, de Girona (CP 17001).<\/p>\n\n\n\n<p>El Patronat es el titular de los sitios web de los dominios costabrava.org, costabravacruiseports.com, costabravagironacb.com y costabravagironafestivals.com, as\u00ed como de sus subdominios (en adelante, las webs del Patronat). Estas webs tienen por objeto facilitar al p\u00fablico en general el conocimiento de los servicios, actividades y promociones del Patronat de Turisme Costa Brava Girona.<\/p>\n\n\n\n<h2 class=\"wp-block-heading\"><em>Derechos sobre las webs del Patronat<\/em><\/h2>\n\n\n\n<p>Sobre los contenidos de este sitio web, incluidos los textos, im\u00e1genes y dise\u00f1os, existen derechos de propiedad intelectual que corresponden al Patronat o a terceros que han autorizado su uso. El Patronat presenta estos contenidos con fines de informaci\u00f3n y ofrecimiento de servicios. A todos los efectos, y salvo que se indique expresamente lo contrario, estos contenidos se pueden reproducir, distribuir y comunicar p\u00fablicamente, siempre que se haga sin prop\u00f3sito comercial y para las finalidades propias de las webs del Patronat.<\/p>\n\n\n\n<p><strong>Cookies:<\/strong> en nuestra web se recogen otros datos no identificativos cuya obtenci\u00f3n tiene lugar a trav\u00e9s de unas cookies que se descargan en el ordenador del usuario cuando navega en esta web y que se detallan en el apartado \u00abPol\u00edtica de cookies\u00bb.<\/p>\n\n\n\n<p>Asimismo, el Patronat informa de que los datos contenidos dentro de las listas de empresas y entidades que figuran en esta web han sido facilitados por las propias empresas o entidades o se han obtenido de listas p\u00fablicas y de acceso libre; en este caso, el Patronat no se hace responsable de la correcci\u00f3n de los datos contenidos en la web.<\/p>\n\n\n\n<h2 class=\"wp-block-heading\"><em>Propiedad intelectual del archivo de im\u00e1genes<\/em><\/h2>\n\n\n\n<p>El Patronat de Turisme Costa Brava Girona pone su archivo de im\u00e1genes a disposici\u00f3n del p\u00fablico. Al utilizar las im\u00e1genes se respetar\u00e1n las siguientes condiciones:<\/p>\n\n\n\n<ol class=\"wp-block-list\">\n<li>Las im\u00e1genes se reproducir\u00e1n \u00edntegramente. No se podr\u00e1n modificar.<\/li>\n\n\n\n<li>Se har\u00e1n visibles las referencias que identifican cada imagen: lugar, nombre del fot\u00f3grafo y referencia al Archivo de Im\u00e1genes PTCBG.<\/li>\n\n\n\n<li>No podr\u00e1n destinarse a la venta y no podr\u00e1n incluirse en publicaciones destinadas a la venta ni en servicios que requieran una suscripci\u00f3n o acceso mediante pago previo.<\/li>\n\n\n\n<li>En la difusi\u00f3n de las im\u00e1genes no se podr\u00e1n establecer condiciones de uso o limitaciones t\u00e9cnicas distintas de las que aparecen en las presentes condiciones de uso.<\/li>\n\n\n\n<li>La obtenci\u00f3n de las im\u00e1genes no implica que el Patronat apoye a quien las utiliza. No se podr\u00e1 incluir ninguna referencia en este sentido, salvo que exista autorizaci\u00f3n previa y por escrito del Patronat.<\/li>\n\n\n\n<li>Cualquier uso distinto de los autorizados en las presentes condiciones de uso exige una autorizaci\u00f3n previa y por escrito del Patronat. El Patronat es el titular de los derechos sobre esta p\u00e1gina, as\u00ed como de la base de datos formada por el conjunto de las im\u00e1genes del archivo y de toda la informaci\u00f3n relacionada.<\/li>\n<\/ol>\n\n\n\n<h2 class=\"wp-block-heading\"><em>Servicios de reservas accesibles desde la p\u00e1gina web<\/em><\/h2>\n\n\n\n<p>El Patronat de Turisme Costa Brava Girona informa de que ha suscrito una serie de acuerdos para la prestaci\u00f3n de servicios de reservas tur\u00edsticas. En virtud de dichos acuerdos, los proveedores de los servicios en cuesti\u00f3n son responsables del tratamiento de datos de los usuarios y adquieren la obligaci\u00f3n de tratarlos respetando las garant\u00edas establecidas en la normativa comunitaria sobre protecci\u00f3n de datos.<\/p>\n\n\n\n<p>El Patronat informa de que no se hace responsable del incumplimiento de esta normativa; no obstante, agradecer\u00e1 cualquier comunicaci\u00f3n o queja que los usuarios le hagan llegar en este sentido. Para ejercer sus derechos, los usuarios de los servicios de reserva se dirigir\u00e1n a los proveedores de estos servicios. El usuario podr\u00e1 comprobar en la ventana de su navegador cu\u00e1ndo se encuentra en un sitio propio del Patronat y cu\u00e1ndo est\u00e1 en una p\u00e1gina de los proveedores de servicios de reservas tur\u00edsticas.<\/p>\n\n\n\n<h2 class=\"wp-block-heading\"><em>Responsabilidad por contenidos ajenos<\/em><\/h2>\n\n\n\n<p>El Patronat no se hace responsable del contenido, la exactitud y la actualizaci\u00f3n de la informaci\u00f3n de otras personas f\u00edsicas o jur\u00eddicas a la que se remita por medio de enlaces o de otros sistemas.<\/p>\n","protected":false},"excerpt":{"rendered":"<p>Aviso legal y pol\u00edtica de privacidad En cumplimiento del Reglamento (UE) 2016\/679 del Parlamento Europeo y del Consejo, de 27 de abril de 2016, relativo a la protecci\u00f3n de las personas f\u00edsicas en lo que respecta al tratamiento de datos personales (RGPD) y de la Ley 34 \/2002, de 11 de julio, de servicios de [&hellip;]<\/p>\n","protected":false},"author":1,"featured_media":0,"parent":0,"menu_order":0,"comment_status":"closed","ping_status":"closed","template":"page-templates\/legal.php","meta":{"_acf_changed":false,"footnotes":""},"class_list":["post-1196","page","type-page","status-publish","hentry"],"acf":[],"yoast_head":"<!-- This site is optimized with the Yoast SEO plugin v27.0 - https:\/\/yoast.com\/product\/yoast-seo-wordpress\/ -->\n<title>Aviso Legal - Costa Brava Cruise Ports<\/title>\n<meta name=\"robots\" content=\"index, follow, max-snippet:-1, max-image-preview:large, max-video-preview:-1\" \/>\n<link rel=\"canonical\" href=\"https:\/\/www.costabravacruiseports.com\/es\/aviso-legal\/\" \/>\n<meta property=\"og:locale\" content=\"es_ES\" \/>\n<meta property=\"og:type\" content=\"article\" \/>\n<meta property=\"og:title\" content=\"Aviso Legal - Costa Brava Cruise Ports\" \/>\n<meta property=\"og:description\" content=\"Aviso legal y pol\u00edtica de privacidad En cumplimiento del Reglamento (UE) 2016\/679 del Parlamento Europeo y del Consejo, de 27 de abril de 2016, relativo a la protecci\u00f3n de las personas f\u00edsicas en lo que respecta al tratamiento de datos personales (RGPD) y de la Ley 34 \/2002, de 11 de julio, de servicios de [&hellip;]\" \/>\n<meta property=\"og:url\" content=\"https:\/\/www.costabravacruiseports.com\/es\/aviso-legal\/\" \/>\n<meta property=\"og:site_name\" content=\"Costa Brava Cruise Ports\" \/>\n<meta property=\"article:modified_time\" content=\"2024-04-02T14:01:02+00:00\" \/>\n<meta name=\"twitter:card\" content=\"summary_large_image\" \/>\n<meta name=\"twitter:label1\" content=\"Tiempo de lectura\" \/>\n\t<meta name=\"twitter:data1\" content=\"4 minutos\" \/>\n<!-- \/ Yoast SEO plugin. -->","yoast_head_json":{"title":"Aviso Legal - Costa Brava Cruise Ports","robots":{"index":"index","follow":"follow","max-snippet":"max-snippet:-1","max-image-preview":"max-image-preview:large","max-video-preview":"max-video-preview:-1"},"canonical":"https:\/\/www.costabravacruiseports.com\/es\/aviso-legal\/","og_locale":"es_ES","og_type":"article","og_title":"Aviso Legal - Costa Brava Cruise Ports","og_description":"Aviso legal y pol\u00edtica de privacidad En cumplimiento del Reglamento (UE) 2016\/679 del Parlamento Europeo y del Consejo, de 27 de abril de 2016, relativo a la protecci\u00f3n de las personas f\u00edsicas en lo que respecta al tratamiento de datos personales (RGPD) y de la Ley 34 \/2002, de 11 de julio, de servicios de [&hellip;]","og_url":"https:\/\/www.costabravacruiseports.com\/es\/aviso-legal\/","og_site_name":"Costa Brava Cruise Ports","article_modified_time":"2024-04-02T14:01:02+00:00","twitter_card":"summary_large_image","twitter_misc":{"Tiempo de lectura":"4 minutos"},"schema":{"@context":"https:\/\/schema.org","@graph":[{"@type":"WebPage","@id":"https:\/\/www.costabravacruiseports.com\/es\/aviso-legal\/","url":"https:\/\/www.costabravacruiseports.com\/es\/aviso-legal\/","name":"Aviso Legal - Costa Brava Cruise Ports","isPartOf":{"@id":"https:\/\/www.costabravacruiseports.com\/#website"},"datePublished":"2024-03-25T11:22:24+00:00","dateModified":"2024-04-02T14:01:02+00:00","breadcrumb":{"@id":"https:\/\/www.costabravacruiseports.com\/es\/aviso-legal\/#breadcrumb"},"inLanguage":"es","potentialAction":[{"@type":"ReadAction","target":["https:\/\/www.costabravacruiseports.com\/es\/aviso-legal\/"]}]},{"@type":"BreadcrumbList","@id":"https:\/\/www.costabravacruiseports.com\/es\/aviso-legal\/#breadcrumb","itemListElement":[{"@type":"ListItem","position":1,"name":"Inici","item":"https:\/\/www.costabravacruiseports.com\/es\/"},{"@type":"ListItem","position":2,"name":"Aviso Legal"}]},{"@type":"WebSite","@id":"https:\/\/www.costabravacruiseports.com\/#website","url":"https:\/\/www.costabravacruiseports.com\/","name":"Costa Brava Cruise Ports","description":"","publisher":{"@id":"https:\/\/www.costabravacruiseports.com\/#organization"},"potentialAction":[{"@type":"SearchAction","target":{"@type":"EntryPoint","urlTemplate":"https:\/\/www.costabravacruiseports.com\/?s={search_term_string}"},"query-input":{"@type":"PropertyValueSpecification","valueRequired":true,"valueName":"search_term_string"}}],"inLanguage":"es"},{"@type":"Organization","@id":"https:\/\/www.costabravacruiseports.com\/#organization","name":"Costa Brava Cruise Ports","url":"https:\/\/www.costabravacruiseports.com\/","logo":{"@type":"ImageObject","inLanguage":"es","@id":"https:\/\/www.costabravacruiseports.com\/#\/schema\/logo\/image\/","url":"https:\/\/www.costabravacruiseports.com\/wp-content\/uploads\/2024\/03\/header-logo-color.svg","contentUrl":"https:\/\/www.costabravacruiseports.com\/wp-content\/uploads\/2024\/03\/header-logo-color.svg","width":1,"height":1,"caption":"Costa Brava Cruise Ports"},"image":{"@id":"https:\/\/www.costabravacruiseports.com\/#\/schema\/logo\/image\/"}}]}},"_links":{"self":[{"href":"https:\/\/www.costabravacruiseports.com\/es\/wp-json\/wp\/v2\/pages\/1196","targetHints":{"allow":["GET"]}}],"collection":[{"href":"https:\/\/www.costabravacruiseports.com\/es\/wp-json\/wp\/v2\/pages"}],"about":[{"href":"https:\/\/www.costabravacruiseports.com\/es\/wp-json\/wp\/v2\/types\/page"}],"author":[{"embeddable":true,"href":"https:\/\/www.costabravacruiseports.com\/es\/wp-json\/wp\/v2\/users\/1"}],"replies":[{"embeddable":true,"href":"https:\/\/www.costabravacruiseports.com\/es\/wp-json\/wp\/v2\/comments?post=1196"}],"version-history":[{"count":3,"href":"https:\/\/www.costabravacruiseports.com\/es\/wp-json\/wp\/v2\/pages\/1196\/revisions"}],"predecessor-version":[{"id":1801,"href":"https:\/\/www.costabravacruiseports.com\/es\/wp-json\/wp\/v2\/pages\/1196\/revisions\/1801"}],"wp:attachment":[{"href":"https:\/\/www.costabravacruiseports.com\/es\/wp-json\/wp\/v2\/media?parent=1196"}],"curies":[{"name":"wp","href":"https:\/\/api.w.org\/{rel}","templated":true}]}}