

{"id":1212,"date":"2024-03-25T12:22:34","date_gmt":"2024-03-25T11:22:34","guid":{"rendered":"https:\/\/www.costabravacruiseports.com\/proteccio-de-dades\/"},"modified":"2024-04-02T16:06:52","modified_gmt":"2024-04-02T14:06:52","slug":"proteccion-de-datos","status":"publish","type":"page","link":"https:\/\/www.costabravacruiseports.com\/es\/proteccion-de-datos\/","title":{"rendered":"Protecci\u00f3n de datos"},"content":{"rendered":"\n<h2 class=\"wp-block-heading\"><em>Protecci\u00f3n de datos\u00a0<\/em><\/h2>\n\n\n\n<p>Esta es la pol\u00edtica de protecci\u00f3n de datos de Patronat de Turisme Costa Brava Girona, SA, que da cumplimiento al Reglamento general de protecci\u00f3n de datos (Reglamento [UE] 2016\/679 del Parlamento Europeo y del Consejo, de 27 de abril de 2016) y a la normativa estatal vigente en la materia. Puede acceder al\u00a0<a href=\"https:\/\/seuelectronica.costabrava.org\/ca\/informacio-de-la-seu\/registre-d-activitat-de-tractament-rat\/\">registro de actividades de tratamiento<\/a>\u00a0(RAT).<\/p>\n\n\n\n<h2 class=\"wp-block-heading\"><em>\u00bfQui\u00e9n es el responsable del tratamiento de los datos personales?<\/em><\/h2>\n\n\n\n<p>El responsable del tratamiento de los datos personales es Patronat de Turisme Costa Brava Girona, SA, con CIF A17031246 y con domicilio en la avenida de Sant Francesc, n\u00fam. 29, 3.\u00ba (CP 17001), de Girona, direcci\u00f3n electr\u00f3nica: costabrava@costabrava.org, www.costabrava.org.<\/p>\n\n\n\n<h2 class=\"wp-block-heading\"><em>\u00bfCon qu\u00e9 criterios tratamos los datos personales?<\/em><\/h2>\n\n\n\n<p>Tratamos los datos \u00fanicamente cuando tenemos una base legal que nos lo permite, y los destinamos a las finalidades determinadas, expl\u00edcitas y leg\u00edtimas que explicamos en el momento de obtenerlos. Tratamos solo los datos adecuados, pertinentes y limitados a lo necesario en cada caso. Nos esforzamos por que est\u00e9n actualizados y los conservamos durante el tiempo necesario, de acuerdo con la normativa vigente sobre conservaci\u00f3n de informaci\u00f3n p\u00fablica. Aplicamos las medidas t\u00e9cnicas y organizativas adecuadas para evitar su tratamiento no autorizado o il\u00edcito, as\u00ed como su p\u00e9rdida, destrucci\u00f3n o da\u00f1o accidental. Como criterio general, solo pueden comunicar datos las personas mayores de 14 a\u00f1os; en el caso de las personas menores de 14 a\u00f1os, se necesita la autorizaci\u00f3n de los padres o de los representantes legales.<\/p>\n\n\n\n<h2 class=\"wp-block-heading\"><em>\u00bfQui\u00e9n es el delegado de protecci\u00f3n de datos?<\/em><\/h2>\n\n\n\n<p>El delegado de protecci\u00f3n de datos (DPD) supervisa el cumplimiento de la normativa de protecci\u00f3n de datos y vela por que se protejan los derechos de las personas. Entre sus funciones est\u00e1 la de atender a las personas de las que se tratan datos si quieren presentar una queja o reclamaci\u00f3n. Para contactar con el delegado de protecci\u00f3n de datos, se puede enviar un escrito a Patronat de Turisme Costa Brava Girona, SA, o enviar directamente un correo electr\u00f3nico a la direcci\u00f3n dpd@ddgi.cat.<\/p>\n\n\n\n<h2 class=\"wp-block-heading\"><em>\u00bfCon qu\u00e9 finalidad tratamos los datos y a qui\u00e9n los comunicamos?<\/em><\/h2>\n\n\n\n<p>Patronat de Turisme Costa Brava Girona, SA, trata los datos para ejercer sus competencias y funciones y para ofrecer los servicios que se describen en su&nbsp;<a href=\"https:\/\/www.seu-e.cat\/web\/costabrava\">sede electr\u00f3nica<\/a>.<\/p>\n\n\n\n<p><span style=\"text-decoration: underline;\"><strong>Cat\u00e1logo de tr\u00e1mites<\/strong><\/span>.\u00a0Principalmente a solicitud de personas particulares, utilizamos sus datos para seguir la tramitaci\u00f3n correspondiente. El cat\u00e1logo de tr\u00e1mites se puede consultar en la\u00a0<a href=\"https:\/\/www.seu-e.cat\/web\/costabrava\">sede electr\u00f3nica<\/a>. Seg\u00fan el procedimiento, los datos pueden comunicarse a otras administraciones competentes en la materia o pueden publicarse, en cumplimiento del principio de transparencia.<\/p>\n\n\n\n<p><strong><span style=\"text-decoration: underline;\">Servicios.<\/span><\/strong>\u00a0Para prestar nuestros servicios tratamos los datos aportados por los usuarios. El cat\u00e1logo de servicios se puede consultar en el\u00a0<a href=\"https:\/\/www.seu-e.cat\/web\/costabrava\/govern-obert-i-transparencia\/serveis-i-tramits\">apartado de tr\u00e1mites y servicios de la sede electr\u00f3nica<\/a>. Como criterio general, los datos no se comunican a otras personas sin el consentimiento del usuario del servicio.<\/p>\n\n\n\n<p><strong><span style=\"text-decoration: underline;\">Actividades.<\/span><\/strong>\u00a0En las\u00a0<a href=\"https:\/\/jornades.costabrava.org\/\">actividades de formaci\u00f3n<\/a>\u00a0que ofrecemos, obtenemos datos de las personas que se inscriben en las actividades para organizarlas. Estos datos no se comunican a otras personas.<\/p>\n\n\n\n<p><strong><span style=\"text-decoration: underline;\">Contacto.<\/span><\/strong>\u00a0Atendemos las consultas de las personas que utilizan los formularios de contacto de nuestra web. Los datos se utilizan \u00fanicamente para este fin y no se comunican a otras personas.<\/p>\n\n\n\n<p><strong><span style=\"text-decoration: underline;\">Env\u00edo de informaci\u00f3n.<\/span><\/strong>\u00a0Con autorizaci\u00f3n previa, utilizamos datos de contacto para informar de nuestros servicios o actividades a trav\u00e9s de los canales autorizados por cada persona. Los datos de los destinatarios no se comunican a otras personas.<\/p>\n\n\n\n<p><strong><span style=\"text-decoration: underline;\">Gesti\u00f3n de los datos de nuestros proveedores.<\/span><\/strong>\u00a0Registramos y tratamos los datos de cuyos proveedores recibimos obras, servicios o bienes. Obtenemos los datos imprescindibles para mantener la relaci\u00f3n comercial y los destinamos \u00fanicamente a esta finalidad. En cumplimiento de las obligaciones legales, comunicamos los datos necesarios a la Administraci\u00f3n tributaria.<\/p>\n\n\n\n<p><strong><span style=\"text-decoration: underline;\">Videovigilancia.<\/span><\/strong>\u00a0En el acceso a nuestras instalaciones se informa, en su caso, de la existencia de c\u00e1maras de videovigilancia. Las c\u00e1maras graban im\u00e1genes solo de los puntos en los que esta grabaci\u00f3n est\u00e1 justificada para garantizar la seguridad de los bienes y de las personas. Las im\u00e1genes se utilizan \u00fanicamente para esta finalidad. En casos justificados, comunicamos los datos a los cuerpos y fuerzas de seguridad o a los \u00f3rganos judiciales competentes.<\/p>\n\n\n\n<h2 class=\"wp-block-heading\"><strong><em>\u00a0\u00bfCu\u00e1l es la legitimaci\u00f3n legal para el tratamiento de los datos?<\/em><\/strong><\/h2>\n\n\n\n<p>Los tratamientos de datos que llevamos a cabo tienen distintos fundamentos legales, seg\u00fan la naturaleza de cada tratamiento.<\/p>\n\n\n\n<p>Cumplimiento de obligaciones legales. Los tratamientos de los datos en el contexto de procedimientos administrativos se efect\u00faan siguiendo las normas reguladoras de cada uno de los procedimientos.<\/p>\n\n\n\n<p>Cumplimiento de una misi\u00f3n en inter\u00e9s p\u00fablico. Los tratamientos resultantes de la prestaci\u00f3n de nuestros servicios se justifican por satisfacer el inter\u00e9s p\u00fablico. Tambi\u00e9n las im\u00e1genes que obtenemos con las c\u00e1maras de videovigilancia se tratan para preservar el inter\u00e9s p\u00fablico.<\/p>\n\n\n\n<p>Cumplimiento de una relaci\u00f3n contractual o precontractual. Tratamos los datos de nuestros proveedores siguiendo la normativa de contrataci\u00f3n propia del sector p\u00fablico, con el alcance necesario para el desarrollo de la relaci\u00f3n contractual.<\/p>\n\n\n\n<p>Consentimiento del destinatario. Cuando realizamos env\u00edos de informaci\u00f3n sobre nuestras actividades o servicios, tratamos datos de contacto, previa autorizaci\u00f3n del receptor.<\/p>\n\n\n\n<h2 class=\"wp-block-heading\"><em>\u00bfCu\u00e1nto tiempo conservamos los datos?<\/em><\/h2>\n\n\n\n<p>El tiempo de conservaci\u00f3n de los datos viene determinado principalmente por el hecho de que sean necesarios para atender a las finalidades para las que han sido recogidos en cada caso. En segundo lugar, se conservan para hacer frente a posibles responsabilidades derivadas de su tratamiento y atender requerimientos de otras administraciones p\u00fablicas o de los \u00f3rganos judiciales.<\/p>\n\n\n\n<p>En consecuencia, los datos se conservar\u00e1n durante el tiempo necesario, pero no por un periodo superior. En determinados casos, como el de los datos que figuran en la documentaci\u00f3n contable y la facturaci\u00f3n, la normativa fiscal obliga a conservarlos hasta que no prescriban las responsabilidades en esta materia. En cuanto a los datos cuyo tratamiento se basa exclusivamente en el consentimiento de la persona interesada, se conservan hasta que este consentimiento se revoca.<\/p>\n\n\n\n<p>Las im\u00e1genes obtenidas por las c\u00e1maras de videovigilancia, por \u00faltimo, se conservan como m\u00e1ximo durante un mes; no obstante, en el caso de que se produzcan incidentes que lo justifiquen, se conservar\u00e1n durante el tiempo necesario para facilitar las actuaciones de los cuerpos y fuerzas de seguridad o de los \u00f3rganos judiciales.<\/p>\n\n\n\n<h2 class=\"wp-block-heading\"><em>\u00bfQu\u00e9 derechos tienen las personas con relaci\u00f3n a los datos que tratamos?<\/em><\/h2>\n\n\n\n<p>Las personas de las que tratamos datos tienen los siguientes derechos:<\/p>\n\n\n\n<p>A saber si se tratan sus datos. Cualquier persona tiene, en primer lugar, derecho a saber si tratamos sus datos, independientemente de si ha existido o no una relaci\u00f3n previa.<\/p>\n\n\n\n<p>A ser informadas cuando se recogen sus datos. Cuando los datos se obtienen de la propia persona interesada, debe tener informaci\u00f3n clara sobre los fines a los que se destinar\u00e1n, qui\u00e9n ser\u00e1 el responsable del tratamiento y los principales aspectos derivados de este tratamiento.<\/p>\n\n\n\n<p>A acceder a sus datos. Este derecho permite saber qu\u00e9 datos personales son objeto de tratamiento, con qu\u00e9 fin se tratan y las comunicaciones que se realizan a otras personas (en su caso), as\u00ed como obtener copia de los datos y conocer el plazo previsto de conservaci\u00f3n de estos.<\/p>\n\n\n\n<p>A pedir la rectificaci\u00f3n de sus datos. Es el derecho de hacer rectificar los datos inexactos que sean objeto de tratamiento por nuestra parte.<\/p>\n\n\n\n<p>A pedir la supresi\u00f3n de sus datos. Se reconoce el derecho a pedir la supresi\u00f3n de los datos cuando, entre otros motivos, no sean necesarios para los fines para los que fueron recogidos.<\/p>\n\n\n\n<p>A pedir la limitaci\u00f3n del tratamiento.En determinadas circunstancias tambi\u00e9n se reconoce el derecho a solicitar la limitaci\u00f3n del tratamiento de los datos. En este caso, los datos dejar\u00e1n de ser tratados y solo se conservar\u00e1n para el ejercicio o defensa de reclamaciones.<\/p>\n\n\n\n<p>A pedir la portabilidad de sus datos.En los casos previstos en la normativa, se reconoce el derecho a obtenerlos datos personales propios en un formato de uso com\u00fan.<\/p>\n\n\n\n<p>A oponerse al tratamiento.Una persona puede aducir motivos particulares que comportar\u00e1n que sus datos dejen de tratarse en la medida en que ese tratamiento la perjudique.<\/p>\n\n\n\n<h2 class=\"wp-block-heading\"><em>\u00bfC\u00f3mo ejercer o defender los derechos?<\/em><\/h2>\n\n\n\n<p>Los derechos que acabamos de enumerar se pueden ejercer remitiendo la solicitud adecuada a Patronat de Turisme Costa Brava Girona, SA, ya sea a su direcci\u00f3n postal o a trav\u00e9s de los dem\u00e1s datos de contacto indicados en el encabezamiento.<\/p>\n\n\n\n<p>Tambi\u00e9n puede presentarse una reclamaci\u00f3n ante la Autoridad Catalana de Protecci\u00f3n de Datos, mediante los formularios u otros canales accesibles desde su web (<a href=\"http:\/\/www.apd.cat\/\">www.apd.cat<\/a>).<\/p>\n\n\n\n<p>En cualquier caso, para presentar reclamaciones, pedir aclaraciones o enviarnos sugerencias, las personas interesadas pueden dirigirse al delegado de protecci\u00f3n de datos enviando un mensaje de correo electr\u00f3nico a la direcci\u00f3n dpd@ddgi.cat.<\/p>\n","protected":false},"excerpt":{"rendered":"<p>Protecci\u00f3n de datos\u00a0 Esta es la pol\u00edtica de protecci\u00f3n de datos de Patronat de Turisme Costa Brava Girona, SA, que da cumplimiento al Reglamento general de protecci\u00f3n de datos (Reglamento [UE] 2016\/679 del Parlamento Europeo y del Consejo, de 27 de abril de 2016) y a la normativa estatal vigente en la materia. Puede acceder [&hellip;]<\/p>\n","protected":false},"author":1,"featured_media":0,"parent":0,"menu_order":0,"comment_status":"closed","ping_status":"closed","template":"page-templates\/legal.php","meta":{"_acf_changed":false,"footnotes":""},"class_list":["post-1212","page","type-page","status-publish","hentry"],"acf":[],"yoast_head":"<!-- This site is optimized with the Yoast SEO plugin v27.0 - https:\/\/yoast.com\/product\/yoast-seo-wordpress\/ -->\n<title>Protecci\u00f3n de datos - Costa Brava Cruise Ports<\/title>\n<meta name=\"robots\" content=\"index, follow, max-snippet:-1, max-image-preview:large, max-video-preview:-1\" \/>\n<link rel=\"canonical\" href=\"https:\/\/www.costabravacruiseports.com\/es\/proteccion-de-datos\/\" \/>\n<meta property=\"og:locale\" content=\"es_ES\" \/>\n<meta property=\"og:type\" content=\"article\" \/>\n<meta property=\"og:title\" content=\"Protecci\u00f3n de datos - Costa Brava Cruise Ports\" \/>\n<meta property=\"og:description\" content=\"Protecci\u00f3n de datos\u00a0 Esta es la pol\u00edtica de protecci\u00f3n de datos de Patronat de Turisme Costa Brava Girona, SA, que da cumplimiento al Reglamento general de protecci\u00f3n de datos (Reglamento [UE] 2016\/679 del Parlamento Europeo y del Consejo, de 27 de abril de 2016) y a la normativa estatal vigente en la materia. Puede acceder [&hellip;]\" \/>\n<meta property=\"og:url\" content=\"https:\/\/www.costabravacruiseports.com\/es\/proteccion-de-datos\/\" \/>\n<meta property=\"og:site_name\" content=\"Costa Brava Cruise Ports\" \/>\n<meta property=\"article:modified_time\" content=\"2024-04-02T14:06:52+00:00\" \/>\n<meta name=\"twitter:card\" content=\"summary_large_image\" \/>\n<meta name=\"twitter:label1\" content=\"Tiempo de lectura\" \/>\n\t<meta name=\"twitter:data1\" content=\"8 minutos\" \/>\n<!-- \/ Yoast SEO plugin. -->","yoast_head_json":{"title":"Protecci\u00f3n de datos - Costa Brava Cruise Ports","robots":{"index":"index","follow":"follow","max-snippet":"max-snippet:-1","max-image-preview":"max-image-preview:large","max-video-preview":"max-video-preview:-1"},"canonical":"https:\/\/www.costabravacruiseports.com\/es\/proteccion-de-datos\/","og_locale":"es_ES","og_type":"article","og_title":"Protecci\u00f3n de datos - Costa Brava Cruise Ports","og_description":"Protecci\u00f3n de datos\u00a0 Esta es la pol\u00edtica de protecci\u00f3n de datos de Patronat de Turisme Costa Brava Girona, SA, que da cumplimiento al Reglamento general de protecci\u00f3n de datos (Reglamento [UE] 2016\/679 del Parlamento Europeo y del Consejo, de 27 de abril de 2016) y a la normativa estatal vigente en la materia. Puede acceder [&hellip;]","og_url":"https:\/\/www.costabravacruiseports.com\/es\/proteccion-de-datos\/","og_site_name":"Costa Brava Cruise Ports","article_modified_time":"2024-04-02T14:06:52+00:00","twitter_card":"summary_large_image","twitter_misc":{"Tiempo de lectura":"8 minutos"},"schema":{"@context":"https:\/\/schema.org","@graph":[{"@type":"WebPage","@id":"https:\/\/www.costabravacruiseports.com\/es\/proteccion-de-datos\/","url":"https:\/\/www.costabravacruiseports.com\/es\/proteccion-de-datos\/","name":"Protecci\u00f3n de datos - Costa Brava Cruise Ports","isPartOf":{"@id":"https:\/\/www.costabravacruiseports.com\/#website"},"datePublished":"2024-03-25T11:22:34+00:00","dateModified":"2024-04-02T14:06:52+00:00","breadcrumb":{"@id":"https:\/\/www.costabravacruiseports.com\/es\/proteccion-de-datos\/#breadcrumb"},"inLanguage":"es","potentialAction":[{"@type":"ReadAction","target":["https:\/\/www.costabravacruiseports.com\/es\/proteccion-de-datos\/"]}]},{"@type":"BreadcrumbList","@id":"https:\/\/www.costabravacruiseports.com\/es\/proteccion-de-datos\/#breadcrumb","itemListElement":[{"@type":"ListItem","position":1,"name":"Inici","item":"https:\/\/www.costabravacruiseports.com\/es\/"},{"@type":"ListItem","position":2,"name":"Protecci\u00f3n de datos"}]},{"@type":"WebSite","@id":"https:\/\/www.costabravacruiseports.com\/#website","url":"https:\/\/www.costabravacruiseports.com\/","name":"Costa Brava Cruise Ports","description":"","publisher":{"@id":"https:\/\/www.costabravacruiseports.com\/#organization"},"potentialAction":[{"@type":"SearchAction","target":{"@type":"EntryPoint","urlTemplate":"https:\/\/www.costabravacruiseports.com\/?s={search_term_string}"},"query-input":{"@type":"PropertyValueSpecification","valueRequired":true,"valueName":"search_term_string"}}],"inLanguage":"es"},{"@type":"Organization","@id":"https:\/\/www.costabravacruiseports.com\/#organization","name":"Costa Brava Cruise Ports","url":"https:\/\/www.costabravacruiseports.com\/","logo":{"@type":"ImageObject","inLanguage":"es","@id":"https:\/\/www.costabravacruiseports.com\/#\/schema\/logo\/image\/","url":"https:\/\/www.costabravacruiseports.com\/wp-content\/uploads\/2024\/03\/header-logo-color.svg","contentUrl":"https:\/\/www.costabravacruiseports.com\/wp-content\/uploads\/2024\/03\/header-logo-color.svg","width":1,"height":1,"caption":"Costa Brava Cruise Ports"},"image":{"@id":"https:\/\/www.costabravacruiseports.com\/#\/schema\/logo\/image\/"}}]}},"_links":{"self":[{"href":"https:\/\/www.costabravacruiseports.com\/es\/wp-json\/wp\/v2\/pages\/1212","targetHints":{"allow":["GET"]}}],"collection":[{"href":"https:\/\/www.costabravacruiseports.com\/es\/wp-json\/wp\/v2\/pages"}],"about":[{"href":"https:\/\/www.costabravacruiseports.com\/es\/wp-json\/wp\/v2\/types\/page"}],"author":[{"embeddable":true,"href":"https:\/\/www.costabravacruiseports.com\/es\/wp-json\/wp\/v2\/users\/1"}],"replies":[{"embeddable":true,"href":"https:\/\/www.costabravacruiseports.com\/es\/wp-json\/wp\/v2\/comments?post=1212"}],"version-history":[{"count":2,"href":"https:\/\/www.costabravacruiseports.com\/es\/wp-json\/wp\/v2\/pages\/1212\/revisions"}],"predecessor-version":[{"id":1823,"href":"https:\/\/www.costabravacruiseports.com\/es\/wp-json\/wp\/v2\/pages\/1212\/revisions\/1823"}],"wp:attachment":[{"href":"https:\/\/www.costabravacruiseports.com\/es\/wp-json\/wp\/v2\/media?parent=1212"}],"curies":[{"name":"wp","href":"https:\/\/api.w.org\/{rel}","templated":true}]}}