

{"id":1216,"date":"2024-03-25T12:22:43","date_gmt":"2024-03-25T11:22:43","guid":{"rendered":"https:\/\/www.costabravacruiseports.com\/politica-de-cookies\/"},"modified":"2024-04-02T16:06:47","modified_gmt":"2024-04-02T14:06:47","slug":"politica-de-cookies","status":"publish","type":"page","link":"https:\/\/www.costabravacruiseports.com\/es\/politica-de-cookies\/","title":{"rendered":"Pol\u00edtica de cookies"},"content":{"rendered":"\n<p><br>El Patronat es el titular de los sitios web de los dominios costabrava.org, costabravacruiseports.com, costabravagironacb.com y costabravagironafestivals.com, as\u00ed como de sus subdominios (en adelante, las webs del Patronat).<\/p>\n\n\n\n<p>Las webs del Patronat almacenan informaci\u00f3n de las direcciones IP desde las que se accede a las webs y utilizan&nbsp;<em>cookies<\/em>. Las&nbsp;<em>cookies<\/em>&nbsp;son peque\u00f1os archivos de texto que contienen informaci\u00f3n y que los sitios web env\u00edan al ordenador del usuario cuando navega por ellos. Las&nbsp;<em>cookies<\/em>&nbsp;nos ayudan a mejorar nuestra web y a ofrecer una mejor y m\u00e1s personalizada experiencia de navegaci\u00f3n. En concreto, nos permiten:<\/p>\n\n\n\n<ul class=\"wp-block-list\">\n<li>Almacenar informaci\u00f3n sobre las preferencias del usuario y personalizar nuestra web en funci\u00f3n de sus intereses particulares.<\/li>\n\n\n\n<li>Prestar un mejor servicio al usuario sin almacenar en ning\u00fan caso datos personales que permitan su identificaci\u00f3n.<\/li>\n\n\n\n<li>Acelerar las b\u00fasquedas.<\/li>\n\n\n\n<li>Reconocer el ordenador cuando el usuario vuelve de nuevo a una web.<\/li>\n\n\n\n<li>Obtener datos derivados del tr\u00e1fico y la interacci\u00f3n de los usuarios en nuestra web para identificar tendencias y con fines estad\u00edsticos.<\/li>\n<\/ul>\n\n\n\n<h2 class=\"wp-block-heading\"><em>Cookies<\/em>\u00a0que utilizamos<\/h2>\n\n\n\n<p>A continuaci\u00f3n se incluye una descripci\u00f3n de cada una de las categor\u00edas de\u00a0<em>cookies<\/em>\u00a0que se utilizan en las webs del Patronat:<\/p>\n\n\n\n<h2 class=\"wp-block-heading\"><em>Estrictamente necesarias<\/em><\/h2>\n\n\n\n<p>Son\u00a0<em>cookies<\/em>\u00a0esenciales para que las p\u00e1ginas web de costabrava.org lleven a cabo sus funciones b\u00e1sicas. Entre estas\u00a0<em>cookies<\/em>\u00a0se incluyen, por ejemplo, las que sirven para permitir una correcta navegaci\u00f3n o las que aseguran que el contenido de la p\u00e1gina web se carga eficazmente, con fines de mantenimiento peri\u00f3dico y para garantizar el mejor servicio posible al usuario.<\/p>\n\n\n\n<h2 class=\"wp-block-heading\"><em>Funcionalidad<\/em><\/h2>\n\n\n\n<p>Estas\u00a0<em>cookies<\/em>\u00a0se utilizan para almacenar las preferencias establecidas por los usuarios, como el nombre de la cuenta, el idioma y la ubicaci\u00f3n. No se utilizan para rastrear visitantes en sitios que no est\u00e9n alojados en los servidores de las webs del Patronat.<\/p>\n\n\n\n<h2 class=\"wp-block-heading\"><em>Actuaci\u00f3n<\/em><\/h2>\n\n\n\n<p>Las\u00a0<em>cookies<\/em>\u00a0de rendimiento recopilan informaci\u00f3n sobre c\u00f3mo interact\u00faan los usuarios con las webs del Patronat, como, por ejemplo, qu\u00e9 p\u00e1ginas tienen m\u00e1s visitas y otros datos anal\u00edticos. Estos detalles solo se utilizan para mejorar el funcionamiento de un sitio web.<\/p>\n\n\n\n<h2 class=\"wp-block-heading\"><em>Cookies\u00a0de terceros:<\/em><\/h2>\n\n\n\n<figure class=\"wp-block-table\"><table><tbody><tr><td><strong>Finalidad<\/strong><\/td><td><strong>Nombre de la&nbsp;<\/strong><strong><em>cookie<\/em><\/strong><\/td><td><strong>Vigencia<\/strong><\/td><td><strong>Finalidad<\/strong><\/td><td><strong>Descripci\u00f3n<\/strong><\/td><\/tr><tr><td>1<\/td><td>viewed_cookie_policy<\/td><td>1 a\u00f1o<\/td><td>T\u00e9cnicas<\/td><td>El complemento de consentimiento de&nbsp;<em>cookies<\/em>&nbsp;del RGPD configura la&nbsp;<em>cookie<\/em>&nbsp;para almacenar si el usuario ha consentido o no utilizar&nbsp;<em>cookies<\/em>. No almacena ning\u00fan dato personal.<\/td><\/tr><tr><td>2<\/td><td>CookieLawInfoConsent<\/td><td>1 a\u00f1o<\/td><td>T\u00e9cnicas<\/td><td>CookieYes configura esta&nbsp;<em>cookie<\/em>&nbsp;para registrar el estado del bot\u00f3n predeterminado de la categor\u00eda correspondiente y el estado de CCPA. Solo funciona en coordinaci\u00f3n con la&nbsp;<em>cookie<\/em>&nbsp;principal.<\/td><\/tr><tr><td>3<\/td><td>cookielawinfo-checkbox-necessary<\/td><td>1 a\u00f1o<\/td><td>T\u00e9cnicas<\/td><td>Establecida por el complemento de consentimiento de&nbsp;<em>cookies<\/em>&nbsp;del RGPD, esta&nbsp;<em>cookie<\/em>&nbsp;registra el consentimiento del usuario para las&nbsp;<em>cookies<\/em>&nbsp;en la categor\u00eda \u00abNecesarias\u00bb.<\/td><\/tr><tr><td>4<\/td><td>cookielawinfo-checkbox-functional&nbsp;<\/td><td>1 a\u00f1o<\/td><td>T\u00e9cnicas<\/td><td>El complemento de consentimiento de&nbsp;<em>cookies<\/em>&nbsp;del RGPD configura la&nbsp;<em>cookie<\/em>&nbsp;para registrar el consentimiento del usuario para las&nbsp;<em>cookies<\/em>&nbsp;en la categor\u00eda \u00abFuncionales\u00bb.<\/td><\/tr><tr><td>5<\/td><td>cookielawinfo-checkbox-performance&nbsp;<\/td><td>1 a\u00f1o<\/td><td>T\u00e9cnicas<\/td><td>Establecida por el complemento de consentimiento de&nbsp;<em>cookies<\/em>&nbsp;del RGPD, esta&nbsp;<em>cookie<\/em>&nbsp;almacena el consentimiento del usuario para las&nbsp;<em>cookies<\/em>&nbsp;en la categor\u00eda \u00abRendimiento\u00bb.<\/td><\/tr><tr><td>6<\/td><td>cookielawinfo-checkbox-analytics&nbsp;<\/td><td>1 a\u00f1o<\/td><td>T\u00e9cnicas<\/td><td>Establecida por el complemento de consentimiento de&nbsp;<em>cookies<\/em>&nbsp;del RGPD, esta&nbsp;<em>cookie<\/em>&nbsp;registra el consentimiento del usuario para las&nbsp;<em>cookies<\/em>&nbsp;en la categor\u00eda \u00abAnalytics\u00bb.<\/td><\/tr><tr><td>7<\/td><td>cookielawinfo-checkbox-advertisement&nbsp;<\/td><td>1 a\u00f1o<\/td><td>T\u00e9cnicas<\/td><td>Establecida por el complemento de consentimiento de&nbsp;<em>cookies<\/em>&nbsp;del RGPD, esta&nbsp;<em>cookie<\/em>&nbsp;registra el consentimiento del usuario para las&nbsp;<em>cookies<\/em>&nbsp;en la categor\u00eda \u00abPublicidad\u00bb.<\/td><\/tr><tr><td>8<\/td><td>cookielawinfo-checkbox-others&nbsp;<\/td><td>1 a\u00f1o<\/td><td>T\u00e9cnicas<\/td><td>Establecida por el complemento de consentimiento de&nbsp;<em>cookies<\/em>&nbsp;del RGPD, esta&nbsp;<em>cookie<\/em>&nbsp;almacena el consentimiento del usuario para las&nbsp;<em>cookies<\/em>&nbsp;en la categor\u00eda \u00abOtros\u00bb.<\/td><\/tr><tr><td>9<\/td><td>fr<\/td><td>3 meses<\/td><td>Publicidad<\/td><td>Facebook establece esta&nbsp;<em>cookie<\/em>&nbsp;para mostrar anuncios relevantes mediante el seguimiento del comportamiento de los usuarios a trav\u00e9s de la web, en sitios con p\u00edxel de Facebook o complemento social de Facebook.<\/td><\/tr><tr><td>10<\/td><td>yt.innertube::requests&nbsp;<\/td><td>Nunca<\/td><td>Publicidad<\/td><td>YouTube configura esta&nbsp;<em>cookie<\/em>&nbsp;para registrar un identificador \u00fanico para almacenar datos sobre qu\u00e9 v\u00eddeos de YouTube ha visto el usuario.<\/td><\/tr><tr><td>11<\/td><td>yt.innertube::nextId&nbsp;<\/td><td>Nunca<\/td><td>Publicidad<\/td><td>YouTube configura esta&nbsp;<em>cookie<\/em>&nbsp;para registrar un identificador \u00fanico para almacenar datos sobre qu\u00e9 v\u00eddeos de YouTube ha visto el usuario.<\/td><\/tr><tr><td>12<\/td><td>YSC<\/td><td>Sesi\u00f3n<\/td><td>Publicidad<\/td><td>YouTube establece esta&nbsp;<em>cookie<\/em>&nbsp;para realizar un seguimiento de las visualizaciones de los v\u00eddeos incrustados en las p\u00e1ginas de YouTube.<\/td><\/tr><tr><td>13<\/td><td>VISITOR_INFO1_LIVE&nbsp;<\/td><td>5 meses 27 d\u00edas<\/td><td>Publicidad<\/td><td>YouTube configura esta&nbsp;<em>cookie<\/em>&nbsp;para medir el ancho de banda que determina si el usuario obtiene la interfaz del reproductor nueva o antigua.<\/td><\/tr><tr><td>14<\/td><td>yt-remote-device-id&nbsp;<\/td><td>Nunca<\/td><td>Publicidad<\/td><td>YouTube establece esta&nbsp;<em>cookie<\/em>&nbsp;para almacenar las preferencias de v\u00eddeo del usuario mediante v\u00eddeos de YouTube incrustados.<\/td><\/tr><tr><td>15<\/td><td>yt-remote-connected-devices&nbsp;<\/td><td>Nunca<\/td><td>Publicidad<\/td><td>YouTube establece esta&nbsp;<em>cookie<\/em>&nbsp;para almacenar las preferencias de v\u00eddeo del usuario mediante v\u00eddeos de YouTube incrustados.<\/td><\/tr><tr><td>16<\/td><td>_fbp&nbsp;<\/td><td>3 meses<\/td><td>Anal\u00edtica<\/td><td>Facebook establece esta&nbsp;<em>cookie<\/em>&nbsp;para mostrar anuncios cuando est\u00e9 en Facebook o en una plataforma digital impulsada por publicidad de Facebook despu\u00e9s de visitar el sitio web.<\/td><\/tr><tr><td>17<\/td><td>_ga<\/td><td>2 a\u00f1os<\/td><td>Anal\u00edtica<\/td><td>Se utiliza para distinguir a los usuarios. Registra una identificaci\u00f3n \u00fanica que se utiliza para generar datos estad\u00edsticos sobre c\u00f3mo utiliza el visitante el sitio web (Google Analytics).<\/td><\/tr><tr><td>18<\/td><td>_ga_&lt;container-id&gt;<\/td><td>2 a\u00f1os<\/td><td>Anal\u00edtica<\/td><td>Se utiliza para mantener el estado de la sesi\u00f3n. Utilizado por Google Analytics para recopilar datos sobre la cantidad de veces que un usuario ha visitado el sitio web, as\u00ed como las fechas de la primera y la m\u00e1s reciente visita.<\/td><\/tr><tr><td>19<\/td><td>_gat<\/td><td>10 minutos<\/td><td>Anal\u00edtica<\/td><td>Usado por Google Analytics para controlar la tasa de peticiones. Se utiliza para limitar la velocidad de petici\u00f3n \u2013 la limitaci\u00f3n de la recogida de datos en los sitios de alto tr\u00e1fico.<\/td><\/tr><tr><td>20<\/td><td>_gid<\/td><td>24 horas<\/td><td>Anal\u00edtica<\/td><td>Se utiliza para distinguir a los usuarios. Registra una identificaci\u00f3n \u00fanica que se utiliza para generar datos estad\u00edsticos sobre c\u00f3mo utiliza el visitante el sitio web (Google Analytics).<\/td><\/tr><tr><td>21<\/td><td>vuid<\/td><td>1 a\u00f1o 1 mes 4 d\u00edas<\/td><td>Anal\u00edtica<\/td><td>Vimeo instala esta&nbsp;<em>cookie<\/em>&nbsp;para recopilar informaci\u00f3n de seguimiento mediante el establecimiento de un identificador \u00fanico para incrustar v\u00eddeos en el sitio web.<\/td><\/tr><tr><td>22<\/td><td>CONSENT<\/td><td>2 a\u00f1os<\/td><td>Anal\u00edtica<\/td><td>YouTube establece esta&nbsp;<em>cookie<\/em>&nbsp;mediante v\u00eddeos de YouTube incrustados y registra datos estad\u00edsticos an\u00f3nimos.<\/td><\/tr><tr><td>23<\/td><td>wp-wpml_current_language&nbsp;<\/td><td>Sesi\u00f3n<\/td><td>T\u00e9cnicas<\/td><td>El complemento multiling\u00fce de WordPress configura esta&nbsp;<em>cookie<\/em>&nbsp;para almacenar la configuraci\u00f3n actual de idioma\/idioma.<\/td><\/tr><tr><td>24<\/td><td>__cf_bm&nbsp;<\/td><td>30 minutos<\/td><td>T\u00e9cnicas<\/td><td>Cloudflare configur\u00f3 la&nbsp;<em>cookie<\/em>&nbsp;para apoyar la gesti\u00f3n de bots de Cloudflare.<\/td><\/tr><\/tbody><\/table><\/figure>\n\n\n\n<h2 class=\"wp-block-heading\"><em>Publicidad \/ seguimiento<\/em><\/h2>\n\n\n\n<p>Estas\u00a0<em>cookies<\/em>\u00a0se utilizan para rastrear el volumen de visitantes, para realizar un seguimiento de los detalles de estos \u2014como el n\u00famero de visitantes \u00fanicos, la cantidad de veces que se han mostrado unos anuncios determinados o la cantidad de clics que han recibido\u2014 y tambi\u00e9n para medir la efectividad de las campa\u00f1as publicitarias creando perfiles de usuarios. Estas\u00a0<em>cookies<\/em>\u00a0las establecen redes de terceros autom\u00e1ticas y de confianza y, por lo general, son de naturaleza persistente.<\/p>\n\n\n\n<h2 class=\"wp-block-heading\"><em>Contenido de terceros \/ incrustado<\/em><\/h2>\n\n\n\n<p>Las p\u00e1ginas web de costabrava.org utilizan diferentes aplicaciones y servicios de terceros para mejorar la experiencia de los visitantes del sitio web. Estos incluyen plataformas de redes sociales como Facebook y Twitter (a trav\u00e9s del uso de botones para compartir) o contenido integrado de YouTube. En consecuencia, puede que estos terceros establezcan&nbsp;<em>cookies<\/em>&nbsp;y las utilicen para rastrear la actividad del usuario en l\u00ednea. No tenemos ning\u00fan control directo sobre la informaci\u00f3n recopilada por estas&nbsp;<em>cookies<\/em>.<\/p>\n\n\n\n<p>Usamos Google Analytics para analizar el uso de costabrava.org. Google Analytics recopila esta informaci\u00f3n por medio de&nbsp;<em>cookies<\/em>. La informaci\u00f3n recopilada se utiliza para crear informes sobre el uso de la web.<\/p>\n\n\n\n<p>Pol\u00edtica de privacidad de Google:&nbsp;<a href=\"https:\/\/www.google.com\/policies\/privacy\/\">https:\/\/www.google.com\/policies\/privacy\/<\/a>.<\/p>\n\n\n\n<p>Puede ver, eliminar o a\u00f1adir categor\u00edas de inter\u00e9s asociadas con su navegador en:\u00a0<a href=\"https:\/\/adssettings.google.com\/\">https:\/\/adssettings.google.com<\/a>. Tambi\u00e9n puede rechazar el uso (exclusi\u00f3n voluntaria) de\u00a0<em>cookies<\/em>\u00a0de la red de socios de AdSense aplicando dicha configuraci\u00f3n o utilizando el mecanismo de exclusi\u00f3n m\u00faltiple de NAI (Network Advertising Initiative):\u00a0<a href=\"https:\/\/optout.networkadvertising.org\/\">http:\/\/optout.networkadvertising.org<\/a>.<\/p>\n\n\n\n<h2 class=\"wp-block-heading\"><em>Informaci\u00f3n adicional sobre las pol\u00edticas de\u00a0cookies\u00a0de terceros:<\/em><\/h2>\n\n\n\n<p><strong>Google:\u00a0<\/strong><a href=\"https:\/\/policies.google.com\/technologies\/cookies\"><strong>https:\/\/policies.google.com\/technologies\/cookies<\/strong><\/a><br><strong>LinkedIn:\u00a0<\/strong><a href=\"https:\/\/www.linkedin.com\/legal\/cookie-policy\"><strong>https:\/\/www.linkedin.com\/legal\/cookie-policy<\/strong><\/a><br><strong>Facebook:\u00a0<\/strong><a href=\"https:\/\/www.facebook.com\/policies\/cookies\/\"><strong>https:\/\/www.facebook.com\/policies\/cookies\/<\/strong><\/a><br><strong>YouTube:\u00a0<\/strong><a href=\"https:\/\/www.youtube.com\/intl\/es\/yt\/about\/policies\"><strong>https:\/\/www.youtube.com\/intl\/es\/yt\/about\/policies<\/strong><\/a><\/p>\n\n\n\n<h2 class=\"wp-block-heading\"><em>Control de las\u00a0cookies<\/em><\/h2>\n\n\n\n<p>Los visitantes pueden desear restringir el uso de&nbsp;<em>cookies<\/em>&nbsp;o evitar totalmente que se establezcan. La mayor\u00eda de los navegadores ofrecen formas de controlar el comportamiento de las&nbsp;<em>cookies<\/em>, como, por ejemplo, la cantidad de tiempo que est\u00e1n almacenadas, ya sea a trav\u00e9s de la funcionalidad integrada o mediante el uso de complementos de terceros.<\/p>\n\n\n\n<p>Si desea obtener m\u00e1s informaci\u00f3n sobre c\u00f3mo administrar y eliminar&nbsp;<em>cookies<\/em>, visite&nbsp;<a href=\"https:\/\/aboutcookies.org\/\">aboutcookies.org<\/a>. Para obtener m\u00e1s detalles sobre las&nbsp;<em>cookies<\/em>&nbsp;publicitarias y sobre la forma de administrarlas, visite&nbsp;<a href=\"https:\/\/www.youronlinechoices.eu\/\">youronlinechoices.eu<\/a>&nbsp;(en la Uni\u00f3n Europea) o&nbsp;<a href=\"https:\/\/www.aboutads.info\/choices\/\">aboutads.info<\/a>&nbsp;(en Estados Unidos).<\/p>\n","protected":false},"excerpt":{"rendered":"<p>El Patronat es el titular de los sitios web de los dominios costabrava.org, costabravacruiseports.com, costabravagironacb.com y costabravagironafestivals.com, as\u00ed como de sus subdominios (en adelante, las webs del Patronat). Las webs del Patronat almacenan informaci\u00f3n de las direcciones IP desde las que se accede a las webs y utilizan&nbsp;cookies. Las&nbsp;cookies&nbsp;son peque\u00f1os archivos de texto que contienen [&hellip;]<\/p>\n","protected":false},"author":1,"featured_media":0,"parent":0,"menu_order":0,"comment_status":"closed","ping_status":"closed","template":"page-templates\/legal.php","meta":{"_acf_changed":false,"footnotes":""},"class_list":["post-1216","page","type-page","status-publish","hentry"],"acf":[],"yoast_head":"<!-- This site is optimized with the Yoast SEO plugin v27.0 - https:\/\/yoast.com\/product\/yoast-seo-wordpress\/ -->\n<title>Pol\u00edtica de cookies - Costa Brava Cruise Ports<\/title>\n<meta name=\"robots\" content=\"index, follow, max-snippet:-1, max-image-preview:large, max-video-preview:-1\" \/>\n<link rel=\"canonical\" href=\"https:\/\/www.costabravacruiseports.com\/es\/politica-de-cookies\/\" \/>\n<meta property=\"og:locale\" content=\"es_ES\" \/>\n<meta property=\"og:type\" content=\"article\" \/>\n<meta property=\"og:title\" content=\"Pol\u00edtica de cookies - Costa Brava Cruise Ports\" \/>\n<meta property=\"og:description\" content=\"El Patronat es el titular de los sitios web de los dominios costabrava.org, costabravacruiseports.com, costabravagironacb.com y costabravagironafestivals.com, as\u00ed como de sus subdominios (en adelante, las webs del Patronat). Las webs del Patronat almacenan informaci\u00f3n de las direcciones IP desde las que se accede a las webs y utilizan&nbsp;cookies. Las&nbsp;cookies&nbsp;son peque\u00f1os archivos de texto que contienen [&hellip;]\" \/>\n<meta property=\"og:url\" content=\"https:\/\/www.costabravacruiseports.com\/es\/politica-de-cookies\/\" \/>\n<meta property=\"og:site_name\" content=\"Costa Brava Cruise Ports\" \/>\n<meta property=\"article:modified_time\" content=\"2024-04-02T14:06:47+00:00\" \/>\n<meta name=\"twitter:card\" content=\"summary_large_image\" \/>\n<meta name=\"twitter:label1\" content=\"Tiempo de lectura\" \/>\n\t<meta name=\"twitter:data1\" content=\"8 minutos\" \/>\n<!-- \/ Yoast SEO plugin. -->","yoast_head_json":{"title":"Pol\u00edtica de cookies - Costa Brava Cruise Ports","robots":{"index":"index","follow":"follow","max-snippet":"max-snippet:-1","max-image-preview":"max-image-preview:large","max-video-preview":"max-video-preview:-1"},"canonical":"https:\/\/www.costabravacruiseports.com\/es\/politica-de-cookies\/","og_locale":"es_ES","og_type":"article","og_title":"Pol\u00edtica de cookies - Costa Brava Cruise Ports","og_description":"El Patronat es el titular de los sitios web de los dominios costabrava.org, costabravacruiseports.com, costabravagironacb.com y costabravagironafestivals.com, as\u00ed como de sus subdominios (en adelante, las webs del Patronat). Las webs del Patronat almacenan informaci\u00f3n de las direcciones IP desde las que se accede a las webs y utilizan&nbsp;cookies. Las&nbsp;cookies&nbsp;son peque\u00f1os archivos de texto que contienen [&hellip;]","og_url":"https:\/\/www.costabravacruiseports.com\/es\/politica-de-cookies\/","og_site_name":"Costa Brava Cruise Ports","article_modified_time":"2024-04-02T14:06:47+00:00","twitter_card":"summary_large_image","twitter_misc":{"Tiempo de lectura":"8 minutos"},"schema":{"@context":"https:\/\/schema.org","@graph":[{"@type":"WebPage","@id":"https:\/\/www.costabravacruiseports.com\/es\/politica-de-cookies\/","url":"https:\/\/www.costabravacruiseports.com\/es\/politica-de-cookies\/","name":"Pol\u00edtica de cookies - Costa Brava Cruise Ports","isPartOf":{"@id":"https:\/\/www.costabravacruiseports.com\/#website"},"datePublished":"2024-03-25T11:22:43+00:00","dateModified":"2024-04-02T14:06:47+00:00","breadcrumb":{"@id":"https:\/\/www.costabravacruiseports.com\/es\/politica-de-cookies\/#breadcrumb"},"inLanguage":"es","potentialAction":[{"@type":"ReadAction","target":["https:\/\/www.costabravacruiseports.com\/es\/politica-de-cookies\/"]}]},{"@type":"BreadcrumbList","@id":"https:\/\/www.costabravacruiseports.com\/es\/politica-de-cookies\/#breadcrumb","itemListElement":[{"@type":"ListItem","position":1,"name":"Inici","item":"https:\/\/www.costabravacruiseports.com\/es\/"},{"@type":"ListItem","position":2,"name":"Pol\u00edtica de cookies"}]},{"@type":"WebSite","@id":"https:\/\/www.costabravacruiseports.com\/#website","url":"https:\/\/www.costabravacruiseports.com\/","name":"Costa Brava Cruise Ports","description":"","publisher":{"@id":"https:\/\/www.costabravacruiseports.com\/#organization"},"potentialAction":[{"@type":"SearchAction","target":{"@type":"EntryPoint","urlTemplate":"https:\/\/www.costabravacruiseports.com\/?s={search_term_string}"},"query-input":{"@type":"PropertyValueSpecification","valueRequired":true,"valueName":"search_term_string"}}],"inLanguage":"es"},{"@type":"Organization","@id":"https:\/\/www.costabravacruiseports.com\/#organization","name":"Costa Brava Cruise Ports","url":"https:\/\/www.costabravacruiseports.com\/","logo":{"@type":"ImageObject","inLanguage":"es","@id":"https:\/\/www.costabravacruiseports.com\/#\/schema\/logo\/image\/","url":"https:\/\/www.costabravacruiseports.com\/wp-content\/uploads\/2024\/03\/header-logo-color.svg","contentUrl":"https:\/\/www.costabravacruiseports.com\/wp-content\/uploads\/2024\/03\/header-logo-color.svg","width":1,"height":1,"caption":"Costa Brava Cruise Ports"},"image":{"@id":"https:\/\/www.costabravacruiseports.com\/#\/schema\/logo\/image\/"}}]}},"_links":{"self":[{"href":"https:\/\/www.costabravacruiseports.com\/es\/wp-json\/wp\/v2\/pages\/1216","targetHints":{"allow":["GET"]}}],"collection":[{"href":"https:\/\/www.costabravacruiseports.com\/es\/wp-json\/wp\/v2\/pages"}],"about":[{"href":"https:\/\/www.costabravacruiseports.com\/es\/wp-json\/wp\/v2\/types\/page"}],"author":[{"embeddable":true,"href":"https:\/\/www.costabravacruiseports.com\/es\/wp-json\/wp\/v2\/users\/1"}],"replies":[{"embeddable":true,"href":"https:\/\/www.costabravacruiseports.com\/es\/wp-json\/wp\/v2\/comments?post=1216"}],"version-history":[{"count":3,"href":"https:\/\/www.costabravacruiseports.com\/es\/wp-json\/wp\/v2\/pages\/1216\/revisions"}],"predecessor-version":[{"id":1844,"href":"https:\/\/www.costabravacruiseports.com\/es\/wp-json\/wp\/v2\/pages\/1216\/revisions\/1844"}],"wp:attachment":[{"href":"https:\/\/www.costabravacruiseports.com\/es\/wp-json\/wp\/v2\/media?parent=1216"}],"curies":[{"name":"wp","href":"https:\/\/api.w.org\/{rel}","templated":true}]}}